{"id":10,"date":"2023-09-28T22:33:53","date_gmt":"2023-09-28T20:33:53","guid":{"rendered":"https:\/\/brouclean.fr\/?page_id=10"},"modified":"2025-08-14T13:26:08","modified_gmt":"2025-08-14T11:26:08","slug":"rdv","status":"publish","type":"page","link":"https:\/\/brouclean.fr\/index.php\/rdv\/","title":{"rendered":"R\u00e9servation en ligne"},"content":{"rendered":"\n<!-- D\u00e9but de widget en ligne Calendly -->\n<div class=\"calendly-inline-widget\" data-url=\"https:\/\/calendly.com\/brouclean?hide_landing_page_details=1&#038;hide_gdpr_banner=1\" style=\"min-width:320px;height:700px;\"><\/div>\n<script type=\"text\/javascript\" src=\"https:\/\/assets.calendly.com\/assets\/external\/widget.js\" async><\/script>\n<!-- Fin de widget en ligne Calendly -->\n\n\n\n<!-- D\u00e9but de widget de lien Calendly -->\n<link href=\"https:\/\/assets.calendly.com\/assets\/external\/widget.css\" rel=\"stylesheet\">\n<script src=\"https:\/\/assets.calendly.com\/assets\/external\/widget.js\" type=\"text\/javascript\" async><\/script>\n<a href=\"\" onclick=\"Calendly.initPopupWidget({url: 'https:\/\/calendly.com\/brouclean\/rdv?hide_event_type_details=1&#038;hide_gdpr_banner=1'});return false;\">Planifier du temps avec moi<\/a>\n<!-- Fin de widget de lien Calendly -->\n\n\n\n<div class=\"wp-block-group has-global-padding is-layout-constrained wp-block-group-is-layout-constrained\">\n<p>L&rsquo;\u00e9quipe de&nbsp;<strong>BrouClean.fr<\/strong>&nbsp;se d\u00e9place chez vous pour redonner vie \u00e0 votre canap\u00e9&nbsp;<img decoding=\"async\" alt=\"\ud83d\udecb\ufe0f\" src=\"https:\/\/fonts.gstatic.com\/s\/e\/notoemoji\/16.0\/1f6cb_fe0f\/32.png\"><img decoding=\"async\" alt=\"\u2728\" src=\"https:\/\/fonts.gstatic.com\/s\/e\/notoemoji\/16.0\/2728\/32.png\">&nbsp;!<\/p>\n\n\n\n<p>\u00c9liminez la salet\u00e9, les taches et les allerg\u00e8nes&nbsp;<img decoding=\"async\" alt=\"\ud83e\udda0\" src=\"https:\/\/fonts.gstatic.com\/s\/e\/notoemoji\/16.0\/1f9a0\/32.png\">&nbsp;pour un salon frais et accueillant.<\/p>\n\n\n\n<p>Prolongez sa dur\u00e9e de vie et enregistrez sur le remplacement.<\/p>\n\n\n\n<p>Nous nettoyons \u00e9galement&nbsp;<strong>les matelas, les tapis et les chaises et fauteuils.<\/strong><\/p>\n\n\n\n<p>R\u00e9servez maintenant pour un canap\u00e9 comme neuf.<\/p>\n\n\n\n<p><strong>Prix :<\/strong><\/p>\n\n\n\n<ul class=\"wp-block-list\">\n<li><strong>Nettoyage du canap\u00e9 :<\/strong><\/li>\n<\/ul>\n\n\n\n<p>60\u20ac\/u de toutes tailles.<\/p>\n\n\n\n<p><strong>Pour les canap\u00e9s de +6 places et modulaires, contactez-nous directement pour voir l&rsquo;\u00e9ligibilit\u00e9 de l&rsquo;offre.<\/strong><\/p>\n\n\n\n<ul class=\"wp-block-list\">\n<li><strong>Nettoyage d&rsquo;un matelas :<\/strong><\/li>\n<\/ul>\n\n\n\n<p>2 places = 60\u20ac<\/p>\n\n\n\n<p><strong>1 place = 50\u20ac<\/strong><\/p>\n\n\n\n<ul class=\"wp-block-list\">\n<li><strong>Nettoyage de tapis :<\/strong><\/li>\n<\/ul>\n\n\n\n<p>Selon dimension, \u00e0 partir de 40\u20ac.<\/p>\n\n\n\n<ul class=\"wp-block-list\">\n<li><strong>Nettoyage de fauteuils et chaises :<\/strong><\/li>\n<\/ul>\n\n\n\n<p>Fauteuil = 30\u20ac\/u<\/p>\n\n\n\n<p>Chaises = 10\u20ac\/u<\/p>\n\n\n\n<ul class=\"wp-block-list\">\n<li><strong>Forfait d\u00e9placement* :<\/strong><\/li>\n<\/ul>\n\n\n\n<p><strong>inf\u00e9rieur \u00e0 10 km = inclus<\/strong><\/p>\n\n\n\n<p><strong>entre 10-20 km = 10\u20ac<\/strong><\/p>\n\n\n\n<p><strong>21 km -30 km = 15\u20ac<\/strong><\/p>\n\n\n\n<p><strong>*<\/strong>&nbsp;Kilom\u00e9trage \u00e0 prendre au d\u00e9part de la ville de Cachan (94) (De ville en ville, en prenant l&rsquo;itin\u00e9raire le plus court \u00e0 l&rsquo;aide de Google Maps).<\/p>\n\n\n\n<p><strong>Merci de rendre accessible les alentours de votre canap\u00e9 pour faciliter le nettoyage.<\/strong><\/p>\n\n\n\n<p><strong>Un temps de s\u00e9chage est \u00e0 pr\u00e9voir apr\u00e8s notre intervention (compter 1j).<\/strong><\/p>\n\n\n\n<p>Pour nous contacter :<\/p>\n\n\n\n<p>par t\u00e9l\u00e9phone :&nbsp;<strong>07 82 33 36 35<\/strong><\/p>\n\n\n\n<p>par email :&nbsp;<strong><a href=\"mailto:contact@brouclean.fr\" target=\"_blank\" rel=\"noreferrer noopener\">contact@brouclean.fr<\/a><\/strong><\/p>\n\n\n\n<p>Instagram :&nbsp;<strong>BrouClean.fr<\/strong><\/p>\n\n\n\n<div style=\"height:27px\" aria-hidden=\"true\" class=\"wp-block-spacer\"><\/div>\n<\/div>\n\n\n\n<p><\/p>\n\n\n\n<p><\/p>\n","protected":false},"excerpt":{"rendered":"<p>Planifier du temps avec moi L&rsquo;\u00e9quipe de&nbsp;BrouClean.fr&nbsp;se d\u00e9place chez vous pour redonner vie \u00e0 votre canap\u00e9&nbsp;&nbsp;! \u00c9liminez la salet\u00e9, les taches et les allerg\u00e8nes&nbsp;&nbsp;pour un salon frais et accueillant. Prolongez sa dur\u00e9e de vie et enregistrez sur le remplacement. Nous nettoyons \u00e9galement&nbsp;les matelas, les tapis et les chaises et fauteuils. R\u00e9servez maintenant pour un canap\u00e9 &hellip; <\/p>\n<p class=\"link-more\"><a href=\"https:\/\/brouclean.fr\/index.php\/rdv\/\" class=\"more-link\">Lire la suite de<span class=\"screen-reader-text\">\u00ab\u00a0R\u00e9servation en ligne\u00a0\u00bb<\/span><\/a><\/p>\n","protected":false},"author":1,"featured_media":0,"parent":0,"menu_order":0,"comment_status":"closed","ping_status":"closed","template":"","meta":{"footnotes":""},"class_list":["post-10","page","type-page","status-publish","hentry"],"_links":{"self":[{"href":"https:\/\/brouclean.fr\/index.php\/wp-json\/wp\/v2\/pages\/10","targetHints":{"allow":["GET"]}}],"collection":[{"href":"https:\/\/brouclean.fr\/index.php\/wp-json\/wp\/v2\/pages"}],"about":[{"href":"https:\/\/brouclean.fr\/index.php\/wp-json\/wp\/v2\/types\/page"}],"author":[{"embeddable":true,"href":"https:\/\/brouclean.fr\/index.php\/wp-json\/wp\/v2\/users\/1"}],"replies":[{"embeddable":true,"href":"https:\/\/brouclean.fr\/index.php\/wp-json\/wp\/v2\/comments?post=10"}],"version-history":[{"count":14,"href":"https:\/\/brouclean.fr\/index.php\/wp-json\/wp\/v2\/pages\/10\/revisions"}],"predecessor-version":[{"id":270,"href":"https:\/\/brouclean.fr\/index.php\/wp-json\/wp\/v2\/pages\/10\/revisions\/270"}],"wp:attachment":[{"href":"https:\/\/brouclean.fr\/index.php\/wp-json\/wp\/v2\/media?parent=10"}],"curies":[{"name":"wp","href":"https:\/\/api.w.org\/{rel}","templated":true}]}}